{"id":5653,"date":"2023-08-07T09:41:09","date_gmt":"2023-08-07T02:41:09","guid":{"rendered":"https:\/\/bongda.nhipsonghomnay.vn\/?page_id=5653"},"modified":"2024-08-12T08:55:21","modified_gmt":"2024-08-12T01:55:21","slug":"lich-thi-dau","status":"publish","type":"page","link":"https:\/\/bongda.nhipsonghomnay.vn\/?page_id=5653","title":{"rendered":"L\u1ecbch Thi \u0110\u1ea5u"},"content":{"rendered":"\t\t<div data-elementor-type=\"wp-page\" data-elementor-id=\"5653\" class=\"elementor elementor-5653\" data-elementor-post-type=\"page\">\n\t\t\t\t\t\t<\/div>\n\t\t","protected":false},"excerpt":{"rendered":"<p>XEM TR\u1eccN V\u1eb8N GI\u1ea2I B\u00d3NG \u0110\u00c1 V\u00d4 \u0110\u1ecaCH QU\u1ed0C GIA T\u00c2Y BAN NHA LALIGA2023-2028 TR\u00caN SCTV TH\u1ec2 THAO Gi\u1ea3i b\u00f3ng \u0111\u00e1 v\u00f4 \u0111\u1ecbch qu\u1ed1c gia T\u00e2y Ban Nha\u00a0(Campeonato Nacional de Liga de Primera Divisi\u00f3n,\u00a0th\u01b0\u1eddng \u0111\u01b0\u1ee3c bi\u1ebft \u0111\u1ebfn l\u00e0\u00a0Primera Divisi\u00f3n, ho\u1eb7c\u00a0La Liga,\u00a0v\u00e0 ch\u00ednh th\u1ee9c \u0111\u01b0\u1ee3c g\u1ecdi l\u00e0\u00a0LALIGA\u00a0EA SPORTS\u00a0(\u0111\u01b0\u1ee3c c\u00e1ch \u0111i\u1ec7u th\u00e0nh\u00a0vi\u1ebft hoa to\u00e0n b\u1ed9)\u00a0v\u00ec l\u00fd do&hellip; <a class=\"more-link\" href=\"https:\/\/bongda.nhipsonghomnay.vn\/?page_id=5653\">Continue reading <span class=\"screen-reader-text\">L\u1ecbch Thi \u0110\u1ea5u<\/span><\/a><\/p>\n","protected":false},"author":1,"featured_media":0,"parent":0,"menu_order":0,"comment_status":"closed","ping_status":"closed","template":"","meta":{"inline_featured_image":false,"footnotes":""},"class_list":["post-5653","page","type-page","status-publish","hentry","entry"],"_links":{"self":[{"href":"https:\/\/bongda.nhipsonghomnay.vn\/index.php?rest_route=\/wp\/v2\/pages\/5653","targetHints":{"allow":["GET"]}}],"collection":[{"href":"https:\/\/bongda.nhipsonghomnay.vn\/index.php?rest_route=\/wp\/v2\/pages"}],"about":[{"href":"https:\/\/bongda.nhipsonghomnay.vn\/index.php?rest_route=\/wp\/v2\/types\/page"}],"author":[{"embeddable":true,"href":"https:\/\/bongda.nhipsonghomnay.vn\/index.php?rest_route=\/wp\/v2\/users\/1"}],"replies":[{"embeddable":true,"href":"https:\/\/bongda.nhipsonghomnay.vn\/index.php?rest_route=%2Fwp%2Fv2%2Fcomments&post=5653"}],"version-history":[{"count":34,"href":"https:\/\/bongda.nhipsonghomnay.vn\/index.php?rest_route=\/wp\/v2\/pages\/5653\/revisions"}],"predecessor-version":[{"id":8216,"href":"https:\/\/bongda.nhipsonghomnay.vn\/index.php?rest_route=\/wp\/v2\/pages\/5653\/revisions\/8216"}],"wp:attachment":[{"href":"https:\/\/bongda.nhipsonghomnay.vn\/index.php?rest_route=%2Fwp%2Fv2%2Fmedia&parent=5653"}],"curies":[{"name":"wp","href":"https:\/\/api.w.org\/{rel}","templated":true}]}}